{"id":8,"date":"2025-01-09T07:40:30","date_gmt":"2025-01-09T07:40:30","guid":{"rendered":"https:\/\/mktpd.com.br\/?page_id=8"},"modified":"2026-02-03T22:10:05","modified_gmt":"2026-02-03T22:10:05","slug":"site-potencia-digital-mkt","status":"publish","type":"page","link":"https:\/\/mktpd.com.br\/","title":{"rendered":"Home"},"content":{"rendered":"<p><img loading=\"lazy\" decoding=\"async\" width=\"800\" height=\"800\" src=\"https:\/\/mktpd.com.br\/wp-content\/uploads\/2025\/01\/PERFIL-SITE-PDMKT-1024x1024.png\" alt=\"\" srcset=\"https:\/\/mktpd.com.br\/wp-content\/uploads\/2025\/01\/PERFIL-SITE-PDMKT-1024x1024.png 1024w, https:\/\/mktpd.com.br\/wp-content\/uploads\/2025\/01\/PERFIL-SITE-PDMKT-300x300.png 300w, https:\/\/mktpd.com.br\/wp-content\/uploads\/2025\/01\/PERFIL-SITE-PDMKT-150x150.png 150w, https:\/\/mktpd.com.br\/wp-content\/uploads\/2025\/01\/PERFIL-SITE-PDMKT-768x768.png 768w, https:\/\/mktpd.com.br\/wp-content\/uploads\/2025\/01\/PERFIL-SITE-PDMKT.png 1080w\" sizes=\"auto, (max-width: 800px) 100vw, 800px\" \/>\t\t\t\t\t\t\t\t\t\t\t\t\t\t\t<\/p>\n<h2>TENHA UM SITE PROFISSIONAL PARA SUA EMPRESA OU LANDING PAGE PARA VENDER SEU PRODUTO OU SERVI\u00c7O TODOS OS DIAS.<\/h2>\n<p>Alcance o m\u00e1ximo de vendas na internet com p\u00e1ginas <b>100% personalizadas<\/b> para seu neg\u00f3cio.<\/p>\n<p>\t\t\t\t\t<a href=\"https:\/\/wa.me\/5575988922243\"><br \/>\n\t\t\t\t\t\t\t\t\tQUERO UMA P\u00c1GINA DE VENDAS<br \/>\n\t\t\t\t\t<\/a><br \/>\n\t\tNOSSAS LANDING PAGES <strong>S\u00c3O DESENVOLVIDAS EM 3 PILARES<\/strong>\t\t<\/p>\n<figure><img loading=\"lazy\" decoding=\"async\" width=\"100\" height=\"100\" src=\"https:\/\/mktpd.com.br\/wp-content\/uploads\/2025\/01\/COPY.png\" alt=\"\" \/><\/figure>\n<h3>Copywriting<\/h3>\n<p>Vamos estudar sobre o seu produto\/servi\u00e7o e fazer com que a Landing Page desperte o desejo de compra do maior n\u00famero de visitantes atrav\u00e9s de uma comunica\u00e7\u00e3o assertiva.<\/p>\n<figure><img loading=\"lazy\" decoding=\"async\" width=\"100\" height=\"100\" src=\"https:\/\/mktpd.com.br\/wp-content\/uploads\/2025\/01\/DESIGN.png\" alt=\"\" \/><\/figure>\n<h3>Design<\/h3>\n<p>O design tem a responsabilidade de criar a melhor experi\u00eancia visual para os visitantes e conduzi-los a compra. Um design atraente e criativo auxilia a reter as pessoas na p\u00e1gina.<\/p>\n<figure><img loading=\"lazy\" decoding=\"async\" width=\"100\" height=\"100\" src=\"https:\/\/mktpd.com.br\/wp-content\/uploads\/2025\/01\/OTIMIZACAO.png\" alt=\"\" \/><\/figure>\n<h3>Otimiza\u00e7\u00e3o<\/h3>\n<p>Uma p\u00e1gina r\u00e1pida que possui o tempo de carregamento abaixo de 2 segundos evita com que as pessoas fechem antes de carregar, al\u00e9m de reduzir seu custo para anunciar seu produto\/servi\u00e7o.<\/p>\n<p>\t\t\t\t\t\t\t\t\t\t\t\t\t\t\t<img loading=\"lazy\" decoding=\"async\" width=\"612\" height=\"408\" src=\"https:\/\/mktpd.com.br\/wp-content\/uploads\/2025\/01\/PAGINAS-EDITAVEIS.png\" alt=\"\" srcset=\"https:\/\/mktpd.com.br\/wp-content\/uploads\/2025\/01\/PAGINAS-EDITAVEIS.png 612w, https:\/\/mktpd.com.br\/wp-content\/uploads\/2025\/01\/PAGINAS-EDITAVEIS-300x200.png 300w\" sizes=\"auto, (max-width: 612px) 100vw, 612px\" \/>\t\t\t\t\t\t\t\t\t\t\t\t\t\t\t<\/p>\n<p>Criaremos para seu produto uma estrutura profissional e de alta convers\u00e3o, fazendo com que voc\u00ea:<\/p>\n<ul>\n<li>\n\t\t\t\t\t\t\t\t\t\tAumente a taxa de convers\u00e3o;\n\t\t\t\t\t\t\t\t\t<\/li>\n<li>\n\t\t\t\t\t\t\t\t\t\tEconomize o valor investido em tr\u00e1fego;\n\t\t\t\t\t\t\t\t\t<\/li>\n<li>\n\t\t\t\t\t\t\t\t\t\tVenda muito todos os dias.\n\t\t\t\t\t\t\t\t\t<\/li>\n<\/ul>\n<p>\t\t\t\t\t<a href=\"https:\/\/wa.me\/5575988922243\"><br \/>\n\t\t\t\t\t\t\t\t\tEU QUERO UMA P\u00c1GINA QUE VENDE<br \/>\n\t\t\t\t\t<\/a><\/p>\n<h3>CONFIRA ALGUNS DE\u00a0<strong>NOSSOS PROJETOS&#8230;<\/strong><\/h3>\n<p>P\u00e1ginas e sites de diversos nichos e segmentos diferentes!<\/p>\n<p>\t\t\t\t\t<a href=\"https:\/\/wa.me\/5575988922243\"><br \/>\n\t\t\t\t\t\t\t\t\tEU QUERO UMA P\u00c1GINA QUE VENDE<br \/>\n\t\t\t\t\t<\/a><br \/>\n\t\tCRIAREMOS DO ABSOLUTO ZERO <strong>SUA P\u00c1GINA 100% PERSONALIZADA<\/strong><br \/>\n\t\t\t\t\t\t\t\t\t\t\t\t\t\t\t<img loading=\"lazy\" decoding=\"async\" width=\"1224\" height=\"816\" src=\"https:\/\/mktpd.com.br\/wp-content\/uploads\/2025\/01\/WORDPRESS-ELEMENTOR.png\" alt=\"\" srcset=\"https:\/\/mktpd.com.br\/wp-content\/uploads\/2025\/01\/WORDPRESS-ELEMENTOR.png 1224w, https:\/\/mktpd.com.br\/wp-content\/uploads\/2025\/01\/WORDPRESS-ELEMENTOR-300x200.png 300w, https:\/\/mktpd.com.br\/wp-content\/uploads\/2025\/01\/WORDPRESS-ELEMENTOR-1024x683.png 1024w, https:\/\/mktpd.com.br\/wp-content\/uploads\/2025\/01\/WORDPRESS-ELEMENTOR-768x512.png 768w\" sizes=\"auto, (max-width: 1224px) 100vw, 1224px\" \/>\t\t\t\t\t\t\t\t\t\t\t\t\t\t\t<\/p>\n<figure><img loading=\"lazy\" decoding=\"async\" width=\"70\" height=\"70\" src=\"https:\/\/mktpd.com.br\/wp-content\/uploads\/2025\/01\/INFO.png\" alt=\"\" \/><\/figure>\n<h3>Infoproduto<\/h3>\n<figure><img loading=\"lazy\" decoding=\"async\" width=\"70\" height=\"70\" src=\"https:\/\/mktpd.com.br\/wp-content\/uploads\/2025\/01\/LANCAMENTO.png\" alt=\"\" \/><\/figure>\n<h3>Lan\u00e7amento<\/h3>\n<figure><img loading=\"lazy\" decoding=\"async\" width=\"70\" height=\"70\" src=\"https:\/\/mktpd.com.br\/wp-content\/uploads\/2025\/01\/PRODUTO-FISICO.png\" alt=\"\" \/><\/figure>\n<h3>Produto f\u00edsico<\/h3>\n<figure><img loading=\"lazy\" decoding=\"async\" width=\"70\" height=\"70\" src=\"https:\/\/mktpd.com.br\/wp-content\/uploads\/2025\/01\/DROP.png\" alt=\"\" \/><\/figure>\n<h3>Dropshipping<\/h3>\n<p>\t\tMUITO MAIS DO QUE <strong>P\u00c1GINAS BONITAS<\/strong><\/p>\n<p>Se hoje a sua p\u00e1gina de vendas demora mais de <b>2\u00a0segundos<\/b> para carregar, voc\u00ea j\u00e1 perdeu grande maioria das pessoas porque elas n\u00e3o tiveram <b>paci\u00eancia para esperar.<\/b><\/p>\n<p>Hoje as pessoas querem tudo para ontem, e se nesse mundo de rapidez voc\u00ea tem lentid\u00e3o, <b>voc\u00ea est\u00e1 fora do jogo.<\/b><\/p>\n<p>Por isso um dos pilares da nossa cria\u00e7\u00e3o \u00e9 a <b>velocidade das p\u00e1ginas.<\/b><\/p>\n<figure><img decoding=\"async\" src=\"https:\/\/mktpd.com.br\/wp-content\/uploads\/2025\/01\/ESCOLINHA.jpg\" alt=\"ESCOLINHA.jpg\" \/><\/figure>\n<figure><img decoding=\"async\" src=\"https:\/\/mktpd.com.br\/wp-content\/uploads\/2025\/01\/CASAMENTO.jpg\" alt=\"CASAMENTO.jpg\" \/><\/figure>\n<figure><img decoding=\"async\" src=\"https:\/\/mktpd.com.br\/wp-content\/uploads\/2025\/01\/FGTS.jpg\" alt=\"FGTS.jpg\" \/><\/figure>\n<p>\t\t\t\t\t\t\t\t\t\t\t\t\t\t\t<img loading=\"lazy\" decoding=\"async\" width=\"1080\" height=\"1080\" src=\"https:\/\/mktpd.com.br\/wp-content\/uploads\/2025\/01\/PERFIL-SITE-PDMKT-VIRADO.png\" alt=\"\" srcset=\"https:\/\/mktpd.com.br\/wp-content\/uploads\/2025\/01\/PERFIL-SITE-PDMKT-VIRADO.png 1080w, https:\/\/mktpd.com.br\/wp-content\/uploads\/2025\/01\/PERFIL-SITE-PDMKT-VIRADO-300x300.png 300w, https:\/\/mktpd.com.br\/wp-content\/uploads\/2025\/01\/PERFIL-SITE-PDMKT-VIRADO-1024x1024.png 1024w, https:\/\/mktpd.com.br\/wp-content\/uploads\/2025\/01\/PERFIL-SITE-PDMKT-VIRADO-150x150.png 150w, https:\/\/mktpd.com.br\/wp-content\/uploads\/2025\/01\/PERFIL-SITE-PDMKT-VIRADO-768x768.png 768w\" sizes=\"auto, (max-width: 1080px) 100vw, 1080px\" \/>\t\t\t\t\t\t\t\t\t\t\t\t\t\t\t<\/p>\n<p><strong>SOU<\/strong> <b>DAN\u00daBIO SOUZA<\/b><\/p>\n<p>Especialista em Marketing Digital e desenvolvimento de <b>Landing Pages de alta convers\u00e3o<\/b>. P\u00e1ginas Mobile ou Responsivas, deixando seu produto ou servi\u00e7o mais atrativos, gerando muito mais vendas.<\/p>\n<p>Hoje auxilio empres\u00e1rios, infoprodutores e iniciantes no <b>mercado digital<\/b> a terem uma <b>estrutura milion\u00e1ria<\/b> que impacte seus visitantes afim de obter mais <b>convers\u00f5es.<\/b><\/p>\n<p>\t\t\t\t\t<a href=\"https:\/\/wa.me\/5575988922243\"><br \/>\n\t\t\t\t\t\t\t\t\tFALAR AGORA COM DAN\u00daBIO &#8211; CLIQUE AQUI<br \/>\n\t\t\t\t\t<\/a><br \/>\n\t\tVEJA COMO \u00c9 SIMPLES <strong>FAZER SUA LANDING PAGE COM A GENTE<\/strong><br \/>\n\t\t\t\t\t\t\t\t\t\t\t\t\t\t\t<img loading=\"lazy\" decoding=\"async\" width=\"103\" height=\"179\" src=\"https:\/\/mktpd.com.br\/wp-content\/uploads\/2025\/01\/NUM-1.png\" alt=\"\" \/>\t\t\t\t\t\t\t\t\t\t\t\t\t\t\t<\/p>\n<p>Fale com a gente<\/p>\n<p>Mande uma mensagem clicando no bot\u00e3o abaixo e fale com a gente.<\/p>\n<p>\t\t\t\t\t\t\t\t\t\t\t\t\t\t\t<img loading=\"lazy\" decoding=\"async\" width=\"103\" height=\"179\" src=\"https:\/\/mktpd.com.br\/wp-content\/uploads\/2025\/01\/NUM-2.png\" alt=\"\" \/>\t\t\t\t\t\t\t\t\t\t\t\t\t\t\t<\/p>\n<p>D\u00favidas e valores<\/p>\n<p>Tiraremos suas d\u00favidas e passaremos o valor para cria\u00e7\u00e3o da Landing Page.<\/p>\n<p>\t\t\t\t\t\t\t\t\t\t\t\t\t\t\t<img loading=\"lazy\" decoding=\"async\" width=\"103\" height=\"179\" src=\"https:\/\/mktpd.com.br\/wp-content\/uploads\/2025\/01\/NUM-3.png\" alt=\"\" \/>\t\t\t\t\t\t\t\t\t\t\t\t\t\t\t<\/p>\n<p>Informa\u00e7\u00f5es<\/p>\n<p>Colheremos as informa\u00e7\u00f5es necess\u00e1rias para produzir a sua Landing Page.<\/p>\n<p>\t\t\t\t\t\t\t\t\t\t\t\t\t\t\t<img loading=\"lazy\" decoding=\"async\" width=\"103\" height=\"179\" src=\"https:\/\/mktpd.com.br\/wp-content\/uploads\/2025\/01\/NUM-4.png\" alt=\"\" \/>\t\t\t\t\t\t\t\t\t\t\t\t\t\t\t<\/p>\n<p>Produ\u00e7\u00e3o<\/p>\n<p>Produziremos a sua Landing Page de alta convers\u00e3o em at\u00e9 3 dias.<\/p>\n<p>\t\t\t\t\t<a href=\"https:\/\/wa.me\/5575988922243\"><br \/>\n\t\t\t\t\t\t\t\t\tEU QUERO UMA P\u00c1GINA QUE VENDE<br \/>\n\t\t\t\t\t<\/a><br \/>\n\t\t\t\t\t\t\t\t\t\t\t\t\t\t\t<img loading=\"lazy\" decoding=\"async\" width=\"240\" height=\"240\" src=\"https:\/\/mktpd.com.br\/wp-content\/uploads\/2025\/01\/ENTREGA-PAGINA.png\" alt=\"\" srcset=\"https:\/\/mktpd.com.br\/wp-content\/uploads\/2025\/01\/ENTREGA-PAGINA.png 240w, https:\/\/mktpd.com.br\/wp-content\/uploads\/2025\/01\/ENTREGA-PAGINA-150x150.png 150w\" sizes=\"auto, (max-width: 240px) 100vw, 240px\" \/><br \/>\n\t\tSUA LANDING PAGE<strong> PRONTA EM 3 DIAS<\/strong><\/p>\n<p>Apenas 3 dias, \u00e9 tudo que n\u00f3s precisamos para tirar o seu projeto do papel e construir uma p\u00e1gina de vendas de alta convers\u00e3o para seu neg\u00f3cio. e te ajudar a vender mais todos os dias.<\/p>\n<p>\t\t\t\t\t<a href=\"https:\/\/wa.me\/5575988922243\"><br \/>\n\t\t\t\t\t\t\t\t\tEU QUERO UMA P\u00c1GINA QUE VENDE<br \/>\n\t\t\t\t\t<\/a><br \/>\n\t\tD\u00daVIDAS<strong> FREQUENTES<\/strong><br \/>\n\t\t\t\t\t\t\t\t\t\t\t\t<a tabindex=\"0\">Em quanto tempo a Landing Page fica pronta?<\/a><\/p>\n<p>Em 3 dias \u00fateis ap\u00f3s o in\u00edcio do projeto.<\/p>\n<p>\t\t\t\t\t\t\t\t\t\t\t\t<a tabindex=\"0\">Quanto custa a cria\u00e7\u00e3o da landing page?<\/a><\/p>\n<p>O valor vai variar de p\u00e1gina para p\u00e1gina. Se por acaso voc\u00ea precisar de um pacote completo, como por exemplo p\u00e1gina de vendas, de captura e de obrigado n\u00f3s fazemos um valor incr\u00edvel para voc\u00ea!<\/p>\n<p>\t\t\t\t\t\t\t\t\t\t\t\t<a tabindex=\"0\">Quais informa\u00e7\u00f5es voc\u00ea precisa para dar in\u00edcio na landing page?<\/a><\/p>\n<p>O valor vai variar de p\u00e1gina para p\u00e1gina. Se por acaso voc\u00ea precisar de um pacote completo, como por exemplo p\u00e1gina de vendas, de captura e de obrigado n\u00f3s fazemos um valor incr\u00edvel para voc\u00ea!<\/p>\n<p>\t\t\t\t\t\t\t\t\t\t\t\t<a tabindex=\"0\">Como funciona o pagamento? Pago antes ou depois de iniciar?<\/a><\/p>\n<p>Voc\u00ea pode escolher entre pagar 50% do valor total no inicio do projeto e 50% no fim dele ou o valor integral no inicio do projeto. Da forma que se sentir mais confort\u00e1vel.<\/p>\n<p>\t\t\t\t\t\t\t\t\t\t\t\t<a tabindex=\"0\">A p\u00e1gina \u00e9 otimizada para celular?<\/a><\/p>\n<p>Segundo v\u00e1rias pesquisas, hoje em dia 80% dos acessos s\u00e3o por smartphone. Por isso temos um processo de cria\u00e7\u00e3o totalmente responsivo, ent\u00e3o a p\u00e1gina ficar\u00e1 perfeita em qualquer dispositivo, inclusive celular (mobile).<\/p>\n<p>\t\t\t\t\t\t\t\t\t\t\t\t<a tabindex=\"0\">Voc\u00eas s\u00e3o uma empresa s\u00e9ria?<\/a><\/p>\n<p>Sim, pois seu trabalho n\u00e3o \u00e9 o primeiro e n\u00e3o ser\u00e1 o \u00faltimo que fazemos.\u00a0<\/p>\n<p>E mais que te entregar uma bela p\u00e1gina, queremos te encantar a fim de pegar seu depoimento de como suas vendas aumentaram ap\u00f3s sua p\u00e1gina ir para o ar.<\/p>\n<p>\t\t\t\t\t<a href=\"https:\/\/wa.me\/5575988922243\"><br \/>\n\t\t\t\t\t\t\t\t\tEU QUERO UMA P\u00c1GINA QUE VENDE<br \/>\n\t\t\t\t\t<\/a><br \/>\n\t\t\t\t\t\t\t\t\t\t\t\t\t\t\t<img loading=\"lazy\" decoding=\"async\" width=\"2560\" height=\"872\" src=\"https:\/\/mktpd.com.br\/wp-content\/uploads\/2026\/02\/POTENCIA-logo-completa-scaled.webp\" alt=\"\" srcset=\"https:\/\/mktpd.com.br\/wp-content\/uploads\/2026\/02\/POTENCIA-logo-completa-scaled.webp 2560w, https:\/\/mktpd.com.br\/wp-content\/uploads\/2026\/02\/POTENCIA-logo-completa-300x102.webp 300w, https:\/\/mktpd.com.br\/wp-content\/uploads\/2026\/02\/POTENCIA-logo-completa-1024x349.webp 1024w, https:\/\/mktpd.com.br\/wp-content\/uploads\/2026\/02\/POTENCIA-logo-completa-768x261.webp 768w, https:\/\/mktpd.com.br\/wp-content\/uploads\/2026\/02\/POTENCIA-logo-completa-1536x523.webp 1536w, https:\/\/mktpd.com.br\/wp-content\/uploads\/2026\/02\/POTENCIA-logo-completa-2048x697.webp 2048w\" sizes=\"auto, (max-width: 2560px) 100vw, 2560px\" \/><br \/>\n\t\t\t\t\t<a href=\"https:\/\/lucrandocomsites.com.br\/politicas-de-privacidade\/\"><br \/>\n\t\t\t\t\t\t\t\t\tPol\u00edticas de Privacidade<br \/>\n\t\t\t\t\t<\/a><br \/>\n\t\t\t\t\t<a href=\"https:\/\/lucrandocomsites.com.br\/termos-de-uso\/\"><br \/>\n\t\t\t\t\t\t\t\t\tTermos de Uso<br \/>\n\t\t\t\t\t<\/a><\/p>\n<p>Este site n\u00e3o \u00e9 afiliado ao Facebook ou a qualquer entidade do Facebook. Depois que voc\u00ea sair do Facebook, a responsabilidade n\u00e3o \u00e9 deles e sim do nosso site. Fazemos todos os esfor\u00e7os para indicar claramente e mostrar todas as provas do produto e usamos resultados reais. N\u00f3s n\u00e3o vendemos o seu e-mail ou qualquer informa\u00e7\u00e3o para terceiros. Jamais fazemos nenhum tipo de spam. Se voc\u00ea tiver alguma d\u00favida, sinta-se \u00e0 vontade para usar o e-mail de contato comercial@mktpd.com.br e falar conosco em hor\u00e1rio comercial de Segunda a Sexta das 09h00 \u00e1s 18h00. Lemos e respondemos todas as mensagens por ordem de chegada.<\/p>\n<p>Copyright \u00a9 2023 |\u00a0 POT\u00caNCIA DIGITAL MKT | Todos os direitos reservados | CNPJ:\u00a0 53.868.348\/0001-61<\/p>\n","protected":false},"excerpt":{"rendered":"<p>TENHA UM SITE PROFISSIONAL PARA SUA EMPRESA OU LANDING PAGE PARA VENDER SEU PRODUTO OU SERVI\u00c7O TODOS OS DIAS. Alcance o m\u00e1ximo de vendas na internet com p\u00e1ginas 100% personalizadas para seu neg\u00f3cio. QUERO UMA P\u00c1GINA DE VENDAS NOSSAS LANDING PAGES S\u00c3O DESENVOLVIDAS EM 3 PILARES Copywriting Vamos estudar sobre o seu produto\/servi\u00e7o e fazer [&hellip;]<\/p>\n","protected":false},"author":1,"featured_media":0,"parent":0,"menu_order":1,"comment_status":"closed","ping_status":"closed","template":"elementor_header_footer","meta":{"footnotes":""},"class_list":["post-8","page","type-page","status-publish","hentry"],"_links":{"self":[{"href":"https:\/\/mktpd.com.br\/index.php?rest_route=\/wp\/v2\/pages\/8","targetHints":{"allow":["GET"]}}],"collection":[{"href":"https:\/\/mktpd.com.br\/index.php?rest_route=\/wp\/v2\/pages"}],"about":[{"href":"https:\/\/mktpd.com.br\/index.php?rest_route=\/wp\/v2\/types\/page"}],"author":[{"embeddable":true,"href":"https:\/\/mktpd.com.br\/index.php?rest_route=\/wp\/v2\/users\/1"}],"replies":[{"embeddable":true,"href":"https:\/\/mktpd.com.br\/index.php?rest_route=%2Fwp%2Fv2%2Fcomments&post=8"}],"version-history":[{"count":72,"href":"https:\/\/mktpd.com.br\/index.php?rest_route=\/wp\/v2\/pages\/8\/revisions"}],"predecessor-version":[{"id":197,"href":"https:\/\/mktpd.com.br\/index.php?rest_route=\/wp\/v2\/pages\/8\/revisions\/197"}],"wp:attachment":[{"href":"https:\/\/mktpd.com.br\/index.php?rest_route=%2Fwp%2Fv2%2Fmedia&parent=8"}],"curies":[{"name":"wp","href":"https:\/\/api.w.org\/{rel}","templated":true}]}}